{"id":14,"date":"2021-01-01T10:31:28","date_gmt":"2021-01-01T10:31:28","guid":{"rendered":"https:\/\/legal-as-a-service.ch\/?page_id=14"},"modified":"2023-09-05T16:30:57","modified_gmt":"2023-09-05T16:30:57","slug":"our-services-it-law-data-protection-mediation","status":"publish","type":"page","link":"https:\/\/legal-as-a-service.ch\/de\/pages\/our-services-it-law-data-protection-mediation\/","title":{"rendered":"Unsere Dienstleistungen: IT-Recht, Datenschutz und Mediation."},"content":{"rendered":"<p><section   class=\"fw-main-row-custom fw-main-row-top fw-section-no-padding  auto  fw-section-position-back tf-sh-a5ae9c818ca13e025870d837f5de3be7\"    >\n\t\t\t<div class=\"fw-container\" >\n\t\t<div class=\"fw-row\">\n\t<div id=\"column-69e38a0d783c6\" class=\"fw-col-sm-12 tf-sh-c990951ceede7b6774aaf5aa7704c096\" >\n\t<div class=\"fw-wrap-col-inner clearfix\"   >\n\t\t\t\t<div class=\"fw-col-inner\">\n\t\t\t<div class=\"fw-divider-space  fw-custom-space  clearfix\" style=\"height:30px;\" ><\/div>\t\t<\/div>\n\t<\/div>\n<\/div><\/div>\n\n\t<\/div>\n\t<\/section><section   class=\"fw-main-row-custom fw-section-no-padding  fw_theme_bg_fw-custom fw-section-image fw-section-height-custom  fw-section-position-back tf-sh-148c151994b3b6470db7a9e9e3580d80\"  style=\" background-image:url(https:\/\/legal-as-a-service.ch\/wp-content\/uploads\/2018\/02\/pexels-photo-541522-e1549211976411.jpeg); background-repeat: no-repeat; background-position: center top; background-size: auto; height: 300px;\"  >\n\t\t\t<div class=\"fw-container\" >\n\t\t<div class=\"fw-row\">\n\t<div id=\"column-69e38a0d797b3\" class=\"fw-col-sm-12 fw-mobile-hide-element tf-sh-38bf54cc37ae3f44dfada7e12a2cd309\" >\n\t<div class=\"fw-wrap-col-inner clearfix\"   >\n\t\t\t\t<div class=\"fw-col-inner\">\n\t\t\t<div class=\"fw-divider-space  fw-custom-space  clearfix\" style=\"height:240px;\" ><\/div>\t\t<\/div>\n\t<\/div>\n<\/div><\/div>\n\n<div class=\"fw-row\">\n\t<div id=\"column-69e38a0d7a5d3\" class=\"fw-col-sm-9 tf-sh-60d788ff9fb8e69e79803ef79fb3e650\" >\n\t<div class=\"fw-wrap-col-inner clearfix   fw-column-height-custom\" style=\"height: 60px;\"  >\n\t\t\t\t\t<div class=\"fw-main-row-overlay\"><\/div>\n\t\t\t\t<div class=\"fw-col-inner\">\n\t\t\t<div class=\"fw-heading fw-heading-left  tf-sh-65f2d52784a47b52a1c9ae983cb4189f\" >\n\t\t\t<h6 class=\"fw-special-title\">Wir sind Experten in ausgew\u00e4hlten Rechtsgebieten.<\/h6>\n\t\n\t\n\t<\/div><div class=\"fw-divider-space  fw-custom-space  fw-mobile-hide-element clearfix\" style=\"height:270px;\" ><\/div>\t\t<\/div>\n\t<\/div>\n<\/div><\/div>\n\n\t<\/div>\n\t<\/section><section   class=\"fw-main-row-custom fw-section-no-padding  auto  fw-mobile-hide-element fw-section-position-back tf-sh-3100c10c9c1ac8b157d1a555c07b91a1\"    >\n\t\t\t<div class=\"fw-container\" >\n\t\t<div class=\"fw-row\">\n\t<div id=\"column-69e38a0d7bddc\" class=\"fw-col-sm-12 tf-sh-774d508cffc7d39671c229dd2732120c\" >\n\t<div class=\"fw-wrap-col-inner clearfix\"   >\n\t\t\t\t<div class=\"fw-col-inner\">\n\t\t\t<div class=\"fw-divider-space  fw-custom-space  clearfix\" style=\"height:90px;\" ><\/div>\t\t<\/div>\n\t<\/div>\n<\/div><\/div>\n\n\t<\/div>\n\t<\/section><section  id=\"it-technology-law\" class=\"fw-main-row-custom fw-section-no-padding  auto  fw-section-position-back tf-sh-5ce03262f658e034e45ed7410389c2f3\"    >\n\t\t\t<div class=\"fw-container\" >\n\t\t<div class=\"fw-row\">\n\t<div id=\"column-69e38a0d7d31c\" class=\"fw-col-sm-4 tf-sh-38ea032f35464d56cfb65a6ec976d3d8  fw-animated-element fw-col-no-padding\" data-animation-type=\"fadeInUp\" data-animation-delay=\"300\">\n\t<div class=\"fw-wrap-col-inner clearfix\"   >\n\t\t\t\t<div class=\"fw-col-inner\">\n\t\t\t<div class=\"fw-heading fw-heading-left  tf-sh-3654e6cb002e0fbea47f76c4fc8e0d68\" >\n\t\t\t<h5 class=\"fw-special-title\">Dienstleistungen, auf die wir uns spezialisiert haben:<\/h5>\n\t\n\t\n\t<\/div><div class=\"fw-divider-space  fw-custom-space  clearfix\" style=\"height:10px;\" ><\/div><div class=\"fw-text-box tf-sh-d5bcc3119d7da69ba1a6eea5097e6da6\" >\n\t<div class=\"fw-text-inner\">\n\t\t<p>Legal as a Service AG, eine spezialisierte Anwaltskanzlei f\u00fcr Unternehmen, konzentriert sich auf die Unterst\u00fctzung von Rechts-, Gesch\u00e4fts- und Technologieabteilungen in den Bereichen Informationstechnologie (IT) und Datenschutzrecht. Dazu geh\u00f6ren unter anderem Softwarelizenzen, Outsourcing, Cloud-Services, Beratungsdienste und die Implementierung der DSGVO sowie neue Technologien und agile Strategien f\u00fcr Rechtsdienstleistungen.<\/p>\n\t<\/div>\n<\/div><div class=\"fw-divider-space  fw-custom-space  clearfix\" style=\"height:15px;\" ><\/div><div class=\"text-left\">\t<a href=\"#it-technology-law\" target=\"_self\" class=\"fw-btn tf-sh-6435f3f15e54b8d819d0734b2fc90035  fw-btn-sm  anchor fw-btn-4\"  style=\"\">\n\t\t<span >\n\t\t\t<span style=\"font-size:12px;\">IT RECHT<\/span><i class=\"pull-right-icon fa fa-chevron-right\" style=\"font-size:11px;\"><\/i>\t\t<\/span>\n\t<\/a>\n<\/div><div class=\"text-left\">\t<a href=\"#data-protection-law\" target=\"_self\" class=\"fw-btn tf-sh-0ed37b15536e61c40c39b452f8131f79  fw-btn-sm  anchor fw-btn-4\"  style=\"\">\n\t\t<span >\n\t\t\t<span style=\"font-size:12px;\">DATENSCHUTZ<\/span><i class=\"pull-right-icon fa fa-chevron-right\" style=\"font-size:11px;\"><\/i>\t\t<\/span>\n\t<\/a>\n<\/div><div class=\"text-left\">\t<a href=\"#it-mediation\" target=\"_self\" class=\"fw-btn tf-sh-c4eaf4d5d68ebbc2f01055cccc3f7750  fw-btn-sm  anchor fw-btn-4\"  style=\"\">\n\t\t<span >\n\t\t\t<span style=\"font-size:12px;\">MEDIATION<\/span><i class=\"pull-right-icon fa fa-chevron-right\" style=\"font-size:11px;\"><\/i>\t\t<\/span>\n\t<\/a>\n<\/div>\t\t<\/div>\n\t<\/div>\n<\/div><div id=\"column-69e38a0d7f6a8\" class=\"fw-col-sm-8 tf-sh-649b2cb82ecb2022b68c9c5724f6fc11  fw-animated-element fw-col-no-padding\" data-animation-type=\"fadeInUp\" data-animation-delay=\"500\">\n\t<div class=\"fw-wrap-col-inner clearfix\"   >\n\t\t\t\t<div class=\"fw-col-inner\">\n\t\t\t<div class=\"fw-heading fw-heading-left  tf-sh-389d52e47bd7439f717e576bf3fb9f9f\" >\n\t\t\t<h3 class=\"fw-special-title\">IT RECHT<\/h3>\n\t\n\t\n\t<\/div><div class=\"fw-divider-space  fw-custom-space  clearfix\" style=\"height:4px;\" ><\/div><div class=\"fw-text-box tf-sh-24bd2782df8b7144b9de3483249a83e5\" >\n\t<div class=\"fw-text-inner\">\n\t\t<p>Wir haben mehr als 20 Jahre Erfahrung mit Projekten, Vertr\u00e4gen und Verhandlungen im IT-Recht - sei es bei grundlegenden Fragen \u00fcber Software, Hardware oder Dienstleistungen; oder bei etwas komplexeren Projekten in den Bereichen Outsourcing, Cloud oder k\u00fcnstliche Intelligenz (KI) und neue Technologien.<\/p>\n\t<\/div>\n<\/div><div class=\"fw-divider-space  fw-custom-space  clearfix\" style=\"height:30px;\" ><\/div><div class=\"fw-heading fw-heading-left  tf-sh-186b6d08884723fd3a5ceca0b5fdfbbc\" >\n\t\t\t<h6 class=\"fw-special-title\">Weiterlesen<\/h6>\n\t\n\t\n\t<\/div><div class=\"fw-text-box tf-sh-b8be1fa8027b64f1a230dfedd4938014\" >\n\t<div class=\"fw-text-inner\">\n\t\t<ul>\n<li><a href=\"https:\/\/www.europarl.europa.eu\/news\/de\/headlines\/society\/20230601STO93804\/ki-gesetz-erste-regulierung-der-kunstlichen-intelligenz\" target=\"_blank\" rel=\"noopener\">EU KI-Gesetz: erste Regulierung der k\u00fcnstlichen Intelligenz<\/a><\/li>\n<li><a href=\"https:\/\/www.sbfi.admin.ch\/sbfi\/de\/home\/dienstleistungen\/publikationen\/publikationsdatenbank\/s-n-2020-6\/s-n-2020-6f.html\" target=\"_blank\" rel=\"noopener\">Strategie Digitale Schweiz<\/a><\/li>\n<li><a href=\"https:\/\/www.swissbanking.ch\/_Resources\/Persistent\/7\/3\/0\/c\/730c70284521c90f1fddad9ffb3e67b4164bef0e\/SBVg_Cloud-Leitfaden_2020_DE.pdf\" target=\"_blank\" rel=\"noopener\">Schweizerische Bankiervereinigung \u2013 Cloud Leitfaden<\/a><\/li>\n<li><a href=\"https:\/\/www.finma.ch\/de\/news\/2023\/01\/20230124-meldung-am-01-2023\/\" target=\"_blank\" rel=\"noopener\">FINMA zum ESG-Reporting<\/a><\/li>\n<li><a href=\"https:\/\/eba.europa.eu\/sites\/default\/documents\/files\/documents\/10180\/2551996\/38c80601-f5d7-4855-8ba3-702423665479\/EBA%20revised%20Guidelines%20on%20outsourcing%20arrangements.pdf\" target=\"_blank\" rel=\"noopener\">EBA-Outsourcing-Richtlinien<\/a><\/li>\n<li><a href=\"https:\/\/eba.europa.eu\/sites\/default\/documents\/files\/documents\/10180\/2170121\/5fa5cdde-3219-4e95-946d-0c0d05494362\/Final%20draft%20Recommendations%20on%20Cloud%20Outsourcing%20%28EBA-Rec-2017-03%29.pdf\" target=\"_blank\" rel=\"noopener\">EBA Cloud-Empfehlungen<\/a><\/li>\n<li>Open-Source-Software-Compliance (<a href=\"https:\/\/www.lexology.com\/library\/detail.aspx?g=d19c7afc-f83f-4897-8a9e-f8eaf6126612&amp;utm_source=lexology+daily+newsfeed&amp;utm_medium=html+email+-+body+-+general+section&amp;utm_campaign=itechlaw+2015+subscriber+daily+feed&amp;utm_content=lexology+daily+newsfeed+2018-11-05&amp;utm_term\" target=\"_blank\" rel=\"noopener\">Welche OSS Lizenzen sollen verwendet werden?<\/a>)<\/li>\n<\/ul>\n\t<\/div>\n<\/div><div class=\"fw-divider-space  fw-custom-space  clearfix\" style=\"height:30px;\" ><\/div>\t\t<\/div>\n\t<\/div>\n<\/div><\/div>\n\n\t<\/div>\n\t<\/section><section  id=\"data-protection-law\" class=\"fw-main-row-custom fw-section-no-padding  auto  fw-section-position-back tf-sh-d96ad6ff6394069c940f20b7f4ae7108\"    >\n\t\t\t<div class=\"fw-container\" >\n\t\t<div class=\"fw-row\">\n\t<div id=\"column-69e38a0d827b3\" class=\"fw-col-sm-4 tf-sh-fa1cbf89beba6d5097e9598bb7ffd121  fw-animated-element fw-col-no-padding\" data-animation-type=\"fadeInUp\" data-animation-delay=\"300\">\n\t<div class=\"fw-wrap-col-inner clearfix\"   >\n\t\t\t\t<div class=\"fw-col-inner\">\n\t\t\t\t\t<\/div>\n\t<\/div>\n<\/div><div id=\"column-69e38a0d82bd8\" class=\"fw-col-sm-8 tf-sh-4e3eda0fc088c539b9b937cd6ede63b8  fw-animated-element fw-col-no-padding\" data-animation-type=\"fadeInUp\" data-animation-delay=\"500\">\n\t<div class=\"fw-wrap-col-inner clearfix\"   >\n\t\t\t\t<div class=\"fw-col-inner\">\n\t\t\t<div class=\"fw-heading fw-heading-left  tf-sh-e816bf04b8db492fd5688fd40d93b3f5\" >\n\t\t\t<h3 class=\"fw-special-title\">DATENSCHUTZ<\/h3>\n\t\n\t\n\t<\/div><div class=\"fw-divider-space  fw-custom-space  clearfix\" style=\"height:4px;\" ><\/div><div class=\"fw-text-box tf-sh-4a149f0e16f60d09a1d9f7cf5b7a7e78\" >\n\t<div class=\"fw-text-inner\">\n\t\t<p>Wir haben mehrere globale GDPR-Umsetzungsprojekte unterst\u00fctzt und beraten auch in schweizerischen und deutschen datenschutzrechtlichen Fragen.<br \/>Wir erwarten auch weitere Umsetzungsprojekte f\u00fcr die Schweizer DSG-Revision, nachdem diese nun am 1. September 2023 in Kraft getreten ist.<\/p>\n\t<\/div>\n<\/div><div class=\"fw-divider-space  fw-custom-space  clearfix\" style=\"height:30px;\" ><\/div><div class=\"fw-heading fw-heading-left  tf-sh-8562464dc7057f920ba8b460f4aac022\" >\n\t\t\t<h6 class=\"fw-special-title\">Weiterlesen<\/h6>\n\t\n\t\n\t<\/div><div class=\"fw-text-box tf-sh-0f396320e7719ef6369194bd79320d3f\" >\n\t<div class=\"fw-text-inner\">\n\t\t<ul>\n<li><a href=\"https:\/\/www.edoeb.admin.ch\/edoeb\/de\/home\/datenschutz\/grundlagen\/ndsg.html\" target=\"_blank\" rel=\"noopener\">ED\u00d6B zur DSG Revision<\/a><\/li>\n<li><a href=\"https:\/\/www.bfdi.bund.de\/SharedDocs\/Kurzmeldungen\/DE\/2023\/17_Angemessenheitsbeschluss-EU-US-DPF.html\" target=\"_blank\" rel=\"noopener\">Angemessenheitsbeschluss EU US Privacy Framework (DE-Version, wird in der Schweiz wahrscheinlich erst im Herbst 2023 formell genehmigt)<\/a><\/li>\n<li><u><a href=\"https:\/\/iapp.org\/media\/pdf\/resource_center\/recent_eu_data_initiatives_in_context_infographic.pdf\" target=\"_blank\" rel=\"noopener\">IAPP EU-Dateninitiativen im Kontext (Englisch)<\/a><\/u><\/li>\n<li><a href=\"https:\/\/edpb.europa.eu\/our-work-tools\/general-guidance\/public-consultations-our-guidance_de\" target=\"_blank\" rel=\"noopener\">Konsultationen des Europ\u00e4ischen Datenschutzausschusses<\/a><\/li>\n<li><a href=\"https:\/\/www.orrick.com\/Insights\/2018\/04\/The-CLOUD-Act-Explained\" target=\"_blank\" rel=\"noopener\">US Cloud Act erkl\u00e4rt (Englisch)&nbsp;<\/a><\/li>\n<\/ul>\n<p>&nbsp;<\/p>\n\t<\/div>\n<\/div><div class=\"fw-divider-space  fw-custom-space  clearfix\" style=\"height:30px;\" ><\/div>\t\t<\/div>\n\t<\/div>\n<\/div><\/div>\n\n\t<\/div>\n\t<\/section><section  id=\"it-mediation\" class=\"fw-main-row-custom fw-section-no-padding  auto  fw-section-position-back tf-sh-8104a027b7902358289bda29e6b71717\"    >\n\t\t\t<div class=\"fw-container\" >\n\t\t<div class=\"fw-row\">\n\t<div id=\"column-69e38a0d86caf\" class=\"fw-col-sm-4 tf-sh-6aa92f43b3f61f59543f6465982227ce  fw-animated-element fw-col-no-padding\" data-animation-type=\"fadeInUp\" data-animation-delay=\"300\">\n\t<div class=\"fw-wrap-col-inner clearfix\"   >\n\t\t\t\t<div class=\"fw-col-inner\">\n\t\t\t\t\t<\/div>\n\t<\/div>\n<\/div><div id=\"column-69e38a0d871bf\" class=\"fw-col-sm-8 tf-sh-405b7471195ddd6f78ba415c39178502  fw-animated-element fw-col-no-padding\" data-animation-type=\"fadeInUp\" data-animation-delay=\"500\">\n\t<div class=\"fw-wrap-col-inner clearfix\"   >\n\t\t\t\t<div class=\"fw-col-inner\">\n\t\t\t<div class=\"fw-heading fw-heading-left  tf-sh-5a6b2e5ae2e66e080d91de383c7d8b43\" >\n\t\t\t<h3 class=\"fw-special-title\">MEDIATION<\/h3>\n\t\n\t\n\t<\/div><div class=\"fw-divider-space  fw-custom-space  clearfix\" style=\"height:4px;\" ><\/div><div class=\"fw-text-box tf-sh-4c8f1a84d0354de40306d2ca217df531\" >\n\t<div class=\"fw-text-inner\">\n\t\t<p>In Schwierigkeiten geratene IT Projekte und Streitigkeiten im Technologie-Bereich sind oft etwas komplexer als Mediationen in anderen Bereichen. Wir haben uns mit diversen internationalen IT-Streitigkeiten befasst, an denen verschiedene Branchen, Anbieter und Technologien beteiligt waren, und w\u00fcrden uns freuen, Ihnen als Mediator zur Seite zu stehen oder Sie bei besonders moderierten Verhandlungen zu unterst\u00fctzen.<\/p>\n\t<\/div>\n<\/div><div class=\"fw-divider-space  fw-custom-space  clearfix\" style=\"height:30px;\" ><\/div><div class=\"fw-heading fw-heading-left  tf-sh-da6ab9c5c70ac3508f6a34f559b2d8a3\" >\n\t\t\t<h6 class=\"fw-special-title\">Weiterlesen<\/h6>\n\t\n\t\n\t<\/div><div class=\"fw-text-box tf-sh-a264a7edd4254a53a5a97bf51be49c81\" >\n\t<div class=\"fw-text-inner\">\n\t\t<ul>\n<li><a href=\"https:\/\/itdr.ch\/en_US\/experts\/our-experts\/?categoryID=3\" target=\"_blank\" rel=\"noopener\">ITDR (ehemalige SGOA)<\/a><\/li>\n<li><a href=\"https:\/\/www.sav-fsa.ch\/en\/weiterbildung\/mediation\/ueber-den-mediator.html\" target=\"_blank\" rel=\"noopener\">SAV-Mediation<\/a><\/li>\n<li><a href=\"https:\/\/www.cedr.com\/\" target=\"_blank\" rel=\"noopener\">CEDR-Mediation<\/a><\/li>\n<li><a href=\"https:\/\/mediation.anwaltverein.de\/rechtsanwaltschaft-und-mediation\" target=\"_blank\" rel=\"noopener\">DAV-Mediation<\/a> (Deutsch)<\/li>\n<\/ul>\n\t<\/div>\n<\/div><div class=\"fw-divider-space  fw-custom-space  clearfix\" style=\"height:30px;\" ><\/div>\t\t<\/div>\n\t<\/div>\n<\/div><\/div>\n\n\t<\/div>\n\t<\/section><\/p>","protected":false},"excerpt":{"rendered":"<p>We offer special expertise in select areas of law. Services we specialize in: Legal as a Service Ltd, a corporate boutique law firm, specializes in supporting legal, business and technology departments alike, in the fields of information technology (IT) and data protection law; including but not limited to software licensing, outsourcing, cloud services, consulting services [&hellip;]<\/p>\n","protected":false},"author":1,"featured_media":0,"parent":8,"menu_order":0,"comment_status":"closed","ping_status":"closed","template":"visual-builder-template.php","meta":{"footnotes":""},"yoast_head":"<!-- This site is optimized with the Yoast SEO plugin v22.6 - https:\/\/yoast.com\/wordpress\/plugins\/seo\/ -->\n<title>Our services: IT law, Data Protection and Mediation. - Legal as a Service<\/title>\n<meta name=\"description\" content=\"Our services: IT law, Data Protection and Mediation. Our experts and partners are here .to support you with specialized legal services.\" \/>\n<meta name=\"robots\" content=\"index, follow, max-snippet:-1, max-image-preview:large, max-video-preview:-1\" \/>\n<link rel=\"canonical\" href=\"https:\/\/legal-as-a-service.ch\/de\/pages\/our-services-it-law-data-protection-mediation\/\" \/>\n<meta property=\"og:locale\" content=\"de_DE\" \/>\n<meta property=\"og:type\" content=\"article\" \/>\n<meta property=\"og:title\" content=\"Our services: IT law, Data Protection and Mediation. - Legal as a Service\" \/>\n<meta property=\"og:description\" content=\"Our services: IT law, Data Protection and Mediation. Our experts and partners are here .to support you with specialized legal services.\" \/>\n<meta property=\"og:url\" content=\"https:\/\/legal-as-a-service.ch\/de\/pages\/our-services-it-law-data-protection-mediation\/\" \/>\n<meta property=\"og:site_name\" content=\"Legal as a Service\" \/>\n<meta property=\"article:modified_time\" content=\"2023-09-05T16:30:57+00:00\" \/>\n<meta name=\"twitter:card\" content=\"summary_large_image\" \/>\n<meta name=\"twitter:label1\" content=\"Gesch\u00e4tzte Lesezeit\" \/>\n\t<meta name=\"twitter:data1\" content=\"2 Minuten\" \/>\n<script type=\"application\/ld+json\" class=\"yoast-schema-graph\">{\"@context\":\"https:\/\/schema.org\",\"@graph\":[{\"@type\":\"WebPage\",\"@id\":\"https:\/\/legal-as-a-service.ch\/pages\/our-services-it-law-data-protection-mediation\/\",\"url\":\"https:\/\/legal-as-a-service.ch\/pages\/our-services-it-law-data-protection-mediation\/\",\"name\":\"Our services: IT law, Data Protection and Mediation. - Legal as a Service\",\"isPartOf\":{\"@id\":\"https:\/\/legal-as-a-service.ch\/en\/#website\"},\"datePublished\":\"2021-01-01T10:31:28+00:00\",\"dateModified\":\"2023-09-05T16:30:57+00:00\",\"description\":\"Our services: IT law, Data Protection and Mediation. Our experts and partners are here .to support you with specialized legal services.\",\"breadcrumb\":{\"@id\":\"https:\/\/legal-as-a-service.ch\/pages\/our-services-it-law-data-protection-mediation\/#breadcrumb\"},\"inLanguage\":\"de-CH\",\"potentialAction\":[{\"@type\":\"ReadAction\",\"target\":[\"https:\/\/legal-as-a-service.ch\/pages\/our-services-it-law-data-protection-mediation\/\"]}]},{\"@type\":\"BreadcrumbList\",\"@id\":\"https:\/\/legal-as-a-service.ch\/pages\/our-services-it-law-data-protection-mediation\/#breadcrumb\",\"itemListElement\":[{\"@type\":\"ListItem\",\"position\":1,\"name\":\"Home\",\"item\":\"https:\/\/legal-as-a-service.ch\/\"},{\"@type\":\"ListItem\",\"position\":2,\"name\":\"PAGES\",\"item\":\"https:\/\/legal-as-a-service.ch\/en\/pages\/\"},{\"@type\":\"ListItem\",\"position\":3,\"name\":\"Our services: IT law, Data Protection and Mediation.\"}]},{\"@type\":\"WebSite\",\"@id\":\"https:\/\/legal-as-a-service.ch\/en\/#website\",\"url\":\"https:\/\/legal-as-a-service.ch\/en\/\",\"name\":\"Legal as a Service AG\",\"description\":\"Your trusted legal services provider\",\"publisher\":{\"@id\":\"https:\/\/legal-as-a-service.ch\/en\/#organization\"},\"potentialAction\":[{\"@type\":\"SearchAction\",\"target\":{\"@type\":\"EntryPoint\",\"urlTemplate\":\"https:\/\/legal-as-a-service.ch\/en\/?s={search_term_string}\"},\"query-input\":\"required name=search_term_string\"}],\"inLanguage\":\"de-CH\"},{\"@type\":\"Organization\",\"@id\":\"https:\/\/legal-as-a-service.ch\/en\/#organization\",\"name\":\"Legal as a Service AG\",\"url\":\"https:\/\/legal-as-a-service.ch\/en\/\",\"logo\":{\"@type\":\"ImageObject\",\"inLanguage\":\"de-CH\",\"@id\":\"https:\/\/legal-as-a-service.ch\/en\/#\/schema\/logo\/image\/\",\"url\":\"https:\/\/legal-as-a-service.ch\/wp-content\/uploads\/2018\/02\/logo.jpg\",\"contentUrl\":\"https:\/\/legal-as-a-service.ch\/wp-content\/uploads\/2018\/02\/logo.jpg\",\"width\":3508,\"height\":2482,\"caption\":\"Legal as a Service AG\"},\"image\":{\"@id\":\"https:\/\/legal-as-a-service.ch\/en\/#\/schema\/logo\/image\/\"},\"sameAs\":[\"https:\/\/ch.linkedin.com\/in\/chkramer\/\"]}]}<\/script>\n<!-- \/ Yoast SEO plugin. -->","yoast_head_json":{"title":"Our services: IT law, Data Protection and Mediation. - Legal as a Service","description":"Our services: IT law, Data Protection and Mediation. Our experts and partners are here .to support you with specialized legal services.","robots":{"index":"index","follow":"follow","max-snippet":"max-snippet:-1","max-image-preview":"max-image-preview:large","max-video-preview":"max-video-preview:-1"},"canonical":"https:\/\/legal-as-a-service.ch\/de\/pages\/our-services-it-law-data-protection-mediation\/","og_locale":"de_DE","og_type":"article","og_title":"Our services: IT law, Data Protection and Mediation. - Legal as a Service","og_description":"Our services: IT law, Data Protection and Mediation. Our experts and partners are here .to support you with specialized legal services.","og_url":"https:\/\/legal-as-a-service.ch\/de\/pages\/our-services-it-law-data-protection-mediation\/","og_site_name":"Legal as a Service","article_modified_time":"2023-09-05T16:30:57+00:00","twitter_card":"summary_large_image","twitter_misc":{"Gesch\u00e4tzte Lesezeit":"2 Minuten"},"schema":{"@context":"https:\/\/schema.org","@graph":[{"@type":"WebPage","@id":"https:\/\/legal-as-a-service.ch\/pages\/our-services-it-law-data-protection-mediation\/","url":"https:\/\/legal-as-a-service.ch\/pages\/our-services-it-law-data-protection-mediation\/","name":"Our services: IT law, Data Protection and Mediation. - Legal as a Service","isPartOf":{"@id":"https:\/\/legal-as-a-service.ch\/en\/#website"},"datePublished":"2021-01-01T10:31:28+00:00","dateModified":"2023-09-05T16:30:57+00:00","description":"Our services: IT law, Data Protection and Mediation. Our experts and partners are here .to support you with specialized legal services.","breadcrumb":{"@id":"https:\/\/legal-as-a-service.ch\/pages\/our-services-it-law-data-protection-mediation\/#breadcrumb"},"inLanguage":"de-CH","potentialAction":[{"@type":"ReadAction","target":["https:\/\/legal-as-a-service.ch\/pages\/our-services-it-law-data-protection-mediation\/"]}]},{"@type":"BreadcrumbList","@id":"https:\/\/legal-as-a-service.ch\/pages\/our-services-it-law-data-protection-mediation\/#breadcrumb","itemListElement":[{"@type":"ListItem","position":1,"name":"Home","item":"https:\/\/legal-as-a-service.ch\/"},{"@type":"ListItem","position":2,"name":"PAGES","item":"https:\/\/legal-as-a-service.ch\/en\/pages\/"},{"@type":"ListItem","position":3,"name":"Our services: IT law, Data Protection and Mediation."}]},{"@type":"WebSite","@id":"https:\/\/legal-as-a-service.ch\/en\/#website","url":"https:\/\/legal-as-a-service.ch\/en\/","name":"Anbieter: Legal as a Service AG","description":"Ihr vertrauensw\u00fcrdiger Rechtsdienstleister","publisher":{"@id":"https:\/\/legal-as-a-service.ch\/en\/#organization"},"potentialAction":[{"@type":"SearchAction","target":{"@type":"EntryPoint","urlTemplate":"https:\/\/legal-as-a-service.ch\/en\/?s={search_term_string}"},"query-input":"required name=search_term_string"}],"inLanguage":"de-CH"},{"@type":"Organization","@id":"https:\/\/legal-as-a-service.ch\/en\/#organization","name":"Anbieter: Legal as a Service AG","url":"https:\/\/legal-as-a-service.ch\/en\/","logo":{"@type":"ImageObject","inLanguage":"de-CH","@id":"https:\/\/legal-as-a-service.ch\/en\/#\/schema\/logo\/image\/","url":"https:\/\/legal-as-a-service.ch\/wp-content\/uploads\/2018\/02\/logo.jpg","contentUrl":"https:\/\/legal-as-a-service.ch\/wp-content\/uploads\/2018\/02\/logo.jpg","width":3508,"height":2482,"caption":"Legal as a Service AG"},"image":{"@id":"https:\/\/legal-as-a-service.ch\/en\/#\/schema\/logo\/image\/"},"sameAs":["https:\/\/ch.linkedin.com\/in\/chkramer\/"]}]}},"_links":{"self":[{"href":"https:\/\/legal-as-a-service.ch\/de\/wp-json\/wp\/v2\/pages\/14"}],"collection":[{"href":"https:\/\/legal-as-a-service.ch\/de\/wp-json\/wp\/v2\/pages"}],"about":[{"href":"https:\/\/legal-as-a-service.ch\/de\/wp-json\/wp\/v2\/types\/page"}],"author":[{"embeddable":true,"href":"https:\/\/legal-as-a-service.ch\/de\/wp-json\/wp\/v2\/users\/1"}],"replies":[{"embeddable":true,"href":"https:\/\/legal-as-a-service.ch\/de\/wp-json\/wp\/v2\/comments?post=14"}],"version-history":[{"count":112,"href":"https:\/\/legal-as-a-service.ch\/de\/wp-json\/wp\/v2\/pages\/14\/revisions"}],"predecessor-version":[{"id":1115,"href":"https:\/\/legal-as-a-service.ch\/de\/wp-json\/wp\/v2\/pages\/14\/revisions\/1115"}],"up":[{"embeddable":true,"href":"https:\/\/legal-as-a-service.ch\/de\/wp-json\/wp\/v2\/pages\/8"}],"wp:attachment":[{"href":"https:\/\/legal-as-a-service.ch\/de\/wp-json\/wp\/v2\/media?parent=14"}],"curies":[{"name":"wp","href":"https:\/\/api.w.org\/{rel}","templated":true}]}}